{"id":908,"date":"2025-11-26T23:37:17","date_gmt":"2025-11-26T23:37:17","guid":{"rendered":"https:\/\/agenciawebguadalajara.com\/emb\/producto\/renasistouch-canister-800ml\/"},"modified":"2025-11-26T23:37:19","modified_gmt":"2025-11-26T23:37:19","slug":"renasistouch-canister-800ml","status":"publish","type":"product","link":"https:\/\/agenciawebguadalajara.com\/emb\/producto\/renasistouch-canister-800ml\/","title":{"rendered":"RENASISTOUCH CANISTER 800ml"},"content":{"rendered":"<p>Recipiente est\u00e9ril para la terapia de presi\u00f3n negativa (TPN) utilizado en el tratamiento de heridas. Es dise\u00f1ado para absorber fluidos de la herida y facilitar la cicatrizaci\u00f3n. La bomba Renasys TOUCH, que se utiliza junto con este recipiente, es un dispositivo port\u00e1til con una interfaz intuitiva de pantalla t\u00e1ctil que facilita la configuraci\u00f3n y el uso.<\/p>\n","protected":false},"excerpt":{"rendered":"<p>Ap\u00f3sito recolector de l\u00edquidos para el sistema de terapia de presi\u00f3n negativa<\/p>\n","protected":false},"featured_media":554,"template":"","meta":[],"product_brand":[],"product_cat":[32],"product_tag":[26],"class_list":{"0":"post-908","1":"product","2":"type-product","3":"status-publish","4":"has-post-thumbnail","6":"product_cat-insumo-medico","7":"product_tag-smithnephew","9":"first","10":"instock","11":"product-type-simple"},"_links":{"self":[{"href":"https:\/\/agenciawebguadalajara.com\/emb\/wp-json\/wp\/v2\/product\/908","targetHints":{"allow":["GET"]}}],"collection":[{"href":"https:\/\/agenciawebguadalajara.com\/emb\/wp-json\/wp\/v2\/product"}],"about":[{"href":"https:\/\/agenciawebguadalajara.com\/emb\/wp-json\/wp\/v2\/types\/product"}],"version-history":[{"count":1,"href":"https:\/\/agenciawebguadalajara.com\/emb\/wp-json\/wp\/v2\/product\/908\/revisions"}],"predecessor-version":[{"id":909,"href":"https:\/\/agenciawebguadalajara.com\/emb\/wp-json\/wp\/v2\/product\/908\/revisions\/909"}],"wp:featuredmedia":[{"embeddable":true,"href":"https:\/\/agenciawebguadalajara.com\/emb\/wp-json\/wp\/v2\/media\/554"}],"wp:attachment":[{"href":"https:\/\/agenciawebguadalajara.com\/emb\/wp-json\/wp\/v2\/media?parent=908"}],"wp:term":[{"taxonomy":"product_brand","embeddable":true,"href":"https:\/\/agenciawebguadalajara.com\/emb\/wp-json\/wp\/v2\/product_brand?post=908"},{"taxonomy":"product_cat","embeddable":true,"href":"https:\/\/agenciawebguadalajara.com\/emb\/wp-json\/wp\/v2\/product_cat?post=908"},{"taxonomy":"product_tag","embeddable":true,"href":"https:\/\/agenciawebguadalajara.com\/emb\/wp-json\/wp\/v2\/product_tag?post=908"}],"curies":[{"name":"wp","href":"https:\/\/api.w.org\/{rel}","templated":true}]}}