{"id":910,"date":"2025-11-26T23:37:17","date_gmt":"2025-11-26T23:37:17","guid":{"rendered":"https:\/\/agenciawebguadalajara.com\/emb\/producto\/cica-care\/"},"modified":"2025-11-26T23:37:19","modified_gmt":"2025-11-26T23:37:19","slug":"cica-care","status":"publish","type":"product","link":"https:\/\/agenciawebguadalajara.com\/emb\/producto\/cica-care\/","title":{"rendered":"CICA CARE"},"content":{"rendered":"<p>Se utiliza para tratar y prevenir cicatrices hipertr\u00f3ficas y queloides (l\u00e1mina de gel de silicona) o para proteger y reparar la piel irritada y con lesiones (protector cut\u00e1neo en crema).\u00a0La l\u00e1mina de silicona es autoadhesiva y ayuda a hidratar y a reducir el grosor, el picor y la coloraci\u00f3n de la cicatriz.\u00a0La crema protectora est\u00e1 formulada con ingredientes como \u00f3xido de zinc, calamina y D-pantenol para calmar, hidratar y proteger la piel<\/p>\n","protected":false},"excerpt":{"rendered":"<p>L\u00e1mina de gel de silicona suave y autoadhesiva<\/p>\n","protected":false},"featured_media":475,"template":"","meta":[],"product_brand":[],"product_cat":[32],"product_tag":[26],"class_list":{"0":"post-910","1":"product","2":"type-product","3":"status-publish","4":"has-post-thumbnail","6":"product_cat-insumo-medico","7":"product_tag-smithnephew","9":"first","10":"instock","11":"product-type-simple"},"_links":{"self":[{"href":"https:\/\/agenciawebguadalajara.com\/emb\/wp-json\/wp\/v2\/product\/910","targetHints":{"allow":["GET"]}}],"collection":[{"href":"https:\/\/agenciawebguadalajara.com\/emb\/wp-json\/wp\/v2\/product"}],"about":[{"href":"https:\/\/agenciawebguadalajara.com\/emb\/wp-json\/wp\/v2\/types\/product"}],"version-history":[{"count":1,"href":"https:\/\/agenciawebguadalajara.com\/emb\/wp-json\/wp\/v2\/product\/910\/revisions"}],"predecessor-version":[{"id":911,"href":"https:\/\/agenciawebguadalajara.com\/emb\/wp-json\/wp\/v2\/product\/910\/revisions\/911"}],"wp:featuredmedia":[{"embeddable":true,"href":"https:\/\/agenciawebguadalajara.com\/emb\/wp-json\/wp\/v2\/media\/475"}],"wp:attachment":[{"href":"https:\/\/agenciawebguadalajara.com\/emb\/wp-json\/wp\/v2\/media?parent=910"}],"wp:term":[{"taxonomy":"product_brand","embeddable":true,"href":"https:\/\/agenciawebguadalajara.com\/emb\/wp-json\/wp\/v2\/product_brand?post=910"},{"taxonomy":"product_cat","embeddable":true,"href":"https:\/\/agenciawebguadalajara.com\/emb\/wp-json\/wp\/v2\/product_cat?post=910"},{"taxonomy":"product_tag","embeddable":true,"href":"https:\/\/agenciawebguadalajara.com\/emb\/wp-json\/wp\/v2\/product_tag?post=910"}],"curies":[{"name":"wp","href":"https:\/\/api.w.org\/{rel}","templated":true}]}}