{"id":916,"date":"2025-11-26T23:37:21","date_gmt":"2025-11-26T23:37:21","guid":{"rendered":"https:\/\/agenciawebguadalajara.com\/emb\/producto\/algisite-m\/"},"modified":"2025-11-26T23:37:21","modified_gmt":"2025-11-26T23:37:21","slug":"algisite-m","status":"publish","type":"product","link":"https:\/\/agenciawebguadalajara.com\/emb\/producto\/algisite-m\/","title":{"rendered":"ALGISITE M"},"content":{"rendered":"<p>Ap\u00f3sito de alginato de calcio que sirve\u00a0para\u00a0tratar heridas con exudado de moderado a alto, como \u00falceras por presi\u00f3n, \u00falceras de pie diab\u00e9tico, \u00falceras venosas o arteriales, heridas quir\u00fargicas y contusiones. Su funci\u00f3n principal es\u00a0absorber el exceso de exudado\u00a0y crear un ambiente h\u00famedo que promueve la cicatrizaci\u00f3n. Al entrar en contacto con el l\u00edquido de la herida, forma un gel que protege el lecho de la lesi\u00f3n y favorece el proceso de curaci\u00f3n natural.\u00a0<\/p>\n","protected":false},"excerpt":{"rendered":"<p>Ap\u00f3sito de alginato de calcio\u00a0est\u00e9ril y altamente absorbente<\/p>\n","protected":false},"featured_media":458,"template":"","meta":[],"product_brand":[],"product_cat":[32],"product_tag":[26],"class_list":{"0":"post-916","1":"product","2":"type-product","3":"status-publish","4":"has-post-thumbnail","6":"product_cat-insumo-medico","7":"product_tag-smithnephew","9":"first","10":"instock","11":"product-type-simple"},"_links":{"self":[{"href":"https:\/\/agenciawebguadalajara.com\/emb\/wp-json\/wp\/v2\/product\/916","targetHints":{"allow":["GET"]}}],"collection":[{"href":"https:\/\/agenciawebguadalajara.com\/emb\/wp-json\/wp\/v2\/product"}],"about":[{"href":"https:\/\/agenciawebguadalajara.com\/emb\/wp-json\/wp\/v2\/types\/product"}],"version-history":[{"count":1,"href":"https:\/\/agenciawebguadalajara.com\/emb\/wp-json\/wp\/v2\/product\/916\/revisions"}],"predecessor-version":[{"id":917,"href":"https:\/\/agenciawebguadalajara.com\/emb\/wp-json\/wp\/v2\/product\/916\/revisions\/917"}],"wp:featuredmedia":[{"embeddable":true,"href":"https:\/\/agenciawebguadalajara.com\/emb\/wp-json\/wp\/v2\/media\/458"}],"wp:attachment":[{"href":"https:\/\/agenciawebguadalajara.com\/emb\/wp-json\/wp\/v2\/media?parent=916"}],"wp:term":[{"taxonomy":"product_brand","embeddable":true,"href":"https:\/\/agenciawebguadalajara.com\/emb\/wp-json\/wp\/v2\/product_brand?post=916"},{"taxonomy":"product_cat","embeddable":true,"href":"https:\/\/agenciawebguadalajara.com\/emb\/wp-json\/wp\/v2\/product_cat?post=916"},{"taxonomy":"product_tag","embeddable":true,"href":"https:\/\/agenciawebguadalajara.com\/emb\/wp-json\/wp\/v2\/product_tag?post=916"}],"curies":[{"name":"wp","href":"https:\/\/api.w.org\/{rel}","templated":true}]}}