{"id":922,"date":"2025-11-26T23:37:21","date_gmt":"2025-11-26T23:37:21","guid":{"rendered":"https:\/\/agenciawebguadalajara.com\/emb\/producto\/fibra-morada\/"},"modified":"2025-11-26T23:37:21","modified_gmt":"2025-11-26T23:37:21","slug":"fibra-morada","status":"publish","type":"product","link":"https:\/\/agenciawebguadalajara.com\/emb\/producto\/fibra-morada\/","title":{"rendered":"FIBRA MORADA"},"content":{"rendered":"<p>Es que es un dispositivo\u00a0est\u00e9ril, de un solo uso, lo que elimina la necesidad de limpieza y reparaci\u00f3n, y minimiza el riesgo de contaminaci\u00f3n cruzada. Se conecta a un monitor port\u00e1til (como el Ambu aView 2 Advance) para proporcionar im\u00e1genes claras y n\u00edtidas de la anatom\u00eda del paciente<\/p>\n","protected":false},"excerpt":{"rendered":"<p>Es un rinolaringoscopio flexible desechable de 3 mm de di\u00e1metro,\u00a0<\/p>\n","protected":false},"featured_media":506,"template":"","meta":[],"product_brand":[],"product_cat":[32],"product_tag":[37],"class_list":{"0":"post-922","1":"product","2":"type-product","3":"status-publish","4":"has-post-thumbnail","6":"product_cat-insumo-medico","7":"product_tag-ambu","9":"first","10":"instock","11":"product-type-simple"},"_links":{"self":[{"href":"https:\/\/agenciawebguadalajara.com\/emb\/wp-json\/wp\/v2\/product\/922","targetHints":{"allow":["GET"]}}],"collection":[{"href":"https:\/\/agenciawebguadalajara.com\/emb\/wp-json\/wp\/v2\/product"}],"about":[{"href":"https:\/\/agenciawebguadalajara.com\/emb\/wp-json\/wp\/v2\/types\/product"}],"version-history":[{"count":1,"href":"https:\/\/agenciawebguadalajara.com\/emb\/wp-json\/wp\/v2\/product\/922\/revisions"}],"predecessor-version":[{"id":923,"href":"https:\/\/agenciawebguadalajara.com\/emb\/wp-json\/wp\/v2\/product\/922\/revisions\/923"}],"wp:featuredmedia":[{"embeddable":true,"href":"https:\/\/agenciawebguadalajara.com\/emb\/wp-json\/wp\/v2\/media\/506"}],"wp:attachment":[{"href":"https:\/\/agenciawebguadalajara.com\/emb\/wp-json\/wp\/v2\/media?parent=922"}],"wp:term":[{"taxonomy":"product_brand","embeddable":true,"href":"https:\/\/agenciawebguadalajara.com\/emb\/wp-json\/wp\/v2\/product_brand?post=922"},{"taxonomy":"product_cat","embeddable":true,"href":"https:\/\/agenciawebguadalajara.com\/emb\/wp-json\/wp\/v2\/product_cat?post=922"},{"taxonomy":"product_tag","embeddable":true,"href":"https:\/\/agenciawebguadalajara.com\/emb\/wp-json\/wp\/v2\/product_tag?post=922"}],"curies":[{"name":"wp","href":"https:\/\/api.w.org\/{rel}","templated":true}]}}