{"id":926,"date":"2025-11-26T23:37:21","date_gmt":"2025-11-26T23:37:21","guid":{"rendered":"https:\/\/agenciawebguadalajara.com\/emb\/producto\/esponja-blanca-lifotronic\/"},"modified":"2025-11-26T23:37:21","modified_gmt":"2025-11-26T23:37:21","slug":"esponja-blanca-lifotronic","status":"publish","type":"product","link":"https:\/\/agenciawebguadalajara.com\/emb\/producto\/esponja-blanca-lifotronic\/","title":{"rendered":"ESPONJA BLANCA LIFOTRONIC"},"content":{"rendered":"<p>Es un\u00a0ap\u00f3sito de espuma de poliuretano est\u00e9ril\u00a0dise\u00f1ado para su uso con los sistemas de\u00a0Terapia de Presi\u00f3n Negativa para Heridas (NPWT)\u00a0de Lifotronic<\/p>\n","protected":false},"excerpt":{"rendered":"<p>Dise\u00f1ado para ayudar en la cicatrizaci\u00f3n de heridas al aplicar presi\u00f3n negativa controlada.\u00a0<\/p>\n","protected":false},"featured_media":498,"template":"","meta":[],"product_brand":[],"product_cat":[32],"product_tag":[25],"class_list":{"0":"post-926","1":"product","2":"type-product","3":"status-publish","4":"has-post-thumbnail","6":"product_cat-insumo-medico","7":"product_tag-lifotronic","9":"first","10":"instock","11":"product-type-simple"},"_links":{"self":[{"href":"https:\/\/agenciawebguadalajara.com\/emb\/wp-json\/wp\/v2\/product\/926","targetHints":{"allow":["GET"]}}],"collection":[{"href":"https:\/\/agenciawebguadalajara.com\/emb\/wp-json\/wp\/v2\/product"}],"about":[{"href":"https:\/\/agenciawebguadalajara.com\/emb\/wp-json\/wp\/v2\/types\/product"}],"version-history":[{"count":1,"href":"https:\/\/agenciawebguadalajara.com\/emb\/wp-json\/wp\/v2\/product\/926\/revisions"}],"predecessor-version":[{"id":927,"href":"https:\/\/agenciawebguadalajara.com\/emb\/wp-json\/wp\/v2\/product\/926\/revisions\/927"}],"wp:featuredmedia":[{"embeddable":true,"href":"https:\/\/agenciawebguadalajara.com\/emb\/wp-json\/wp\/v2\/media\/498"}],"wp:attachment":[{"href":"https:\/\/agenciawebguadalajara.com\/emb\/wp-json\/wp\/v2\/media?parent=926"}],"wp:term":[{"taxonomy":"product_brand","embeddable":true,"href":"https:\/\/agenciawebguadalajara.com\/emb\/wp-json\/wp\/v2\/product_brand?post=926"},{"taxonomy":"product_cat","embeddable":true,"href":"https:\/\/agenciawebguadalajara.com\/emb\/wp-json\/wp\/v2\/product_cat?post=926"},{"taxonomy":"product_tag","embeddable":true,"href":"https:\/\/agenciawebguadalajara.com\/emb\/wp-json\/wp\/v2\/product_tag?post=926"}],"curies":[{"name":"wp","href":"https:\/\/api.w.org\/{rel}","templated":true}]}}