{"id":928,"date":"2025-11-26T23:37:21","date_gmt":"2025-11-26T23:37:21","guid":{"rendered":"https:\/\/agenciawebguadalajara.com\/emb\/producto\/cateter-venoso-8f\/"},"modified":"2025-11-26T23:37:21","modified_gmt":"2025-11-26T23:37:21","slug":"cateter-venoso-8f","status":"publish","type":"product","link":"https:\/\/agenciawebguadalajara.com\/emb\/producto\/cateter-venoso-8f\/","title":{"rendered":"CATETER VENOSO  8F"},"content":{"rendered":"<p>Se utiliza para proporcionar\u00a0acceso venoso central a largo plazo, permitiendo la administraci\u00f3n de medicamentos, l\u00edquidos, transfusiones de sangre, nutrici\u00f3n parenteral y la extracci\u00f3n de muestras de sangre<\/p>\n","protected":false},"excerpt":{"rendered":"<p>Se utiliza para el acceso venoso central a largo o corto plazo<\/p>\n","protected":false},"featured_media":474,"template":"","meta":[],"product_brand":[],"product_cat":[32],"product_tag":[36],"class_list":{"0":"post-928","1":"product","2":"type-product","3":"status-publish","4":"has-post-thumbnail","6":"product_cat-insumo-medico","7":"product_tag-bard","9":"first","10":"instock","11":"product-type-simple"},"_links":{"self":[{"href":"https:\/\/agenciawebguadalajara.com\/emb\/wp-json\/wp\/v2\/product\/928","targetHints":{"allow":["GET"]}}],"collection":[{"href":"https:\/\/agenciawebguadalajara.com\/emb\/wp-json\/wp\/v2\/product"}],"about":[{"href":"https:\/\/agenciawebguadalajara.com\/emb\/wp-json\/wp\/v2\/types\/product"}],"version-history":[{"count":1,"href":"https:\/\/agenciawebguadalajara.com\/emb\/wp-json\/wp\/v2\/product\/928\/revisions"}],"predecessor-version":[{"id":929,"href":"https:\/\/agenciawebguadalajara.com\/emb\/wp-json\/wp\/v2\/product\/928\/revisions\/929"}],"wp:featuredmedia":[{"embeddable":true,"href":"https:\/\/agenciawebguadalajara.com\/emb\/wp-json\/wp\/v2\/media\/474"}],"wp:attachment":[{"href":"https:\/\/agenciawebguadalajara.com\/emb\/wp-json\/wp\/v2\/media?parent=928"}],"wp:term":[{"taxonomy":"product_brand","embeddable":true,"href":"https:\/\/agenciawebguadalajara.com\/emb\/wp-json\/wp\/v2\/product_brand?post=928"},{"taxonomy":"product_cat","embeddable":true,"href":"https:\/\/agenciawebguadalajara.com\/emb\/wp-json\/wp\/v2\/product_cat?post=928"},{"taxonomy":"product_tag","embeddable":true,"href":"https:\/\/agenciawebguadalajara.com\/emb\/wp-json\/wp\/v2\/product_tag?post=928"}],"curies":[{"name":"wp","href":"https:\/\/api.w.org\/{rel}","templated":true}]}}