{"id":938,"date":"2025-11-26T23:37:21","date_gmt":"2025-11-26T23:37:21","guid":{"rendered":"https:\/\/agenciawebguadalajara.com\/emb\/producto\/tubo-de-mangera-1\/"},"modified":"2025-11-26T23:37:22","modified_gmt":"2025-11-26T23:37:22","slug":"tubo-de-mangera-1","status":"publish","type":"product","link":"https:\/\/agenciawebguadalajara.com\/emb\/producto\/tubo-de-mangera-1\/","title":{"rendered":"TUBO DE MANGERA  1"},"content":{"rendered":"<p>Es un componente del\u00a0kit de ap\u00f3sito desechable\u00a0utilizado en los sistemas de\u00a0Terapia de Presi\u00f3n Negativa (NPWT)\u00a0de la marca, como el Lifotronic NP-100 o NP-600. Este tubo forma parte del sistema de succi\u00f3n que ayuda a la cicatrizaci\u00f3n de heridas.<\/p>\n","protected":false},"excerpt":{"rendered":"<p>Act\u00faa como un medio para extraer el exceso de l\u00edquido (exudado) y material infeccioso de la herida, el cual es succionado a trav\u00e9s de las tuber\u00edas hacia un recipiente colector.<\/p>\n","protected":false},"featured_media":578,"template":"","meta":[],"product_brand":[],"product_cat":[32],"product_tag":[25],"class_list":{"0":"post-938","1":"product","2":"type-product","3":"status-publish","4":"has-post-thumbnail","6":"product_cat-insumo-medico","7":"product_tag-lifotronic","9":"first","10":"instock","11":"product-type-simple"},"_links":{"self":[{"href":"https:\/\/agenciawebguadalajara.com\/emb\/wp-json\/wp\/v2\/product\/938","targetHints":{"allow":["GET"]}}],"collection":[{"href":"https:\/\/agenciawebguadalajara.com\/emb\/wp-json\/wp\/v2\/product"}],"about":[{"href":"https:\/\/agenciawebguadalajara.com\/emb\/wp-json\/wp\/v2\/types\/product"}],"version-history":[{"count":1,"href":"https:\/\/agenciawebguadalajara.com\/emb\/wp-json\/wp\/v2\/product\/938\/revisions"}],"predecessor-version":[{"id":939,"href":"https:\/\/agenciawebguadalajara.com\/emb\/wp-json\/wp\/v2\/product\/938\/revisions\/939"}],"wp:featuredmedia":[{"embeddable":true,"href":"https:\/\/agenciawebguadalajara.com\/emb\/wp-json\/wp\/v2\/media\/578"}],"wp:attachment":[{"href":"https:\/\/agenciawebguadalajara.com\/emb\/wp-json\/wp\/v2\/media?parent=938"}],"wp:term":[{"taxonomy":"product_brand","embeddable":true,"href":"https:\/\/agenciawebguadalajara.com\/emb\/wp-json\/wp\/v2\/product_brand?post=938"},{"taxonomy":"product_cat","embeddable":true,"href":"https:\/\/agenciawebguadalajara.com\/emb\/wp-json\/wp\/v2\/product_cat?post=938"},{"taxonomy":"product_tag","embeddable":true,"href":"https:\/\/agenciawebguadalajara.com\/emb\/wp-json\/wp\/v2\/product_tag?post=938"}],"curies":[{"name":"wp","href":"https:\/\/api.w.org\/{rel}","templated":true}]}}