{"id":944,"date":"2025-11-26T23:37:21","date_gmt":"2025-11-26T23:37:21","guid":{"rendered":"https:\/\/agenciawebguadalajara.com\/emb\/producto\/esponja-chica\/"},"modified":"2025-11-26T23:37:22","modified_gmt":"2025-11-26T23:37:22","slug":"esponja-chica","status":"publish","type":"product","link":"https:\/\/agenciawebguadalajara.com\/emb\/producto\/esponja-chica\/","title":{"rendered":"ESPONJA CHICA"},"content":{"rendered":"<p>Estos dispositivos utilizan esponjas especializadas para distribuir la presi\u00f3n negativa de manera uniforme sobre la herida y promover la cicatrizaci\u00f3n. El t\u00e9rmino &#8220;esponja chica&#8221; es probablemente un descriptor de tama\u00f1o para uno de estos ap\u00f3sitos, que vienen en diferentes tama\u00f1os.<\/p>\n","protected":false},"excerpt":{"rendered":"<p>La esponja se coloca directamente sobre o dentro de la herida para ayudar a distribuir la presi\u00f3n negativa de manera uniforme.<\/p>\n","protected":false},"featured_media":501,"template":"","meta":[],"product_brand":[],"product_cat":[32],"product_tag":[25],"class_list":{"0":"post-944","1":"product","2":"type-product","3":"status-publish","4":"has-post-thumbnail","6":"product_cat-insumo-medico","7":"product_tag-lifotronic","9":"first","10":"instock","11":"product-type-simple"},"_links":{"self":[{"href":"https:\/\/agenciawebguadalajara.com\/emb\/wp-json\/wp\/v2\/product\/944","targetHints":{"allow":["GET"]}}],"collection":[{"href":"https:\/\/agenciawebguadalajara.com\/emb\/wp-json\/wp\/v2\/product"}],"about":[{"href":"https:\/\/agenciawebguadalajara.com\/emb\/wp-json\/wp\/v2\/types\/product"}],"version-history":[{"count":1,"href":"https:\/\/agenciawebguadalajara.com\/emb\/wp-json\/wp\/v2\/product\/944\/revisions"}],"predecessor-version":[{"id":945,"href":"https:\/\/agenciawebguadalajara.com\/emb\/wp-json\/wp\/v2\/product\/944\/revisions\/945"}],"wp:featuredmedia":[{"embeddable":true,"href":"https:\/\/agenciawebguadalajara.com\/emb\/wp-json\/wp\/v2\/media\/501"}],"wp:attachment":[{"href":"https:\/\/agenciawebguadalajara.com\/emb\/wp-json\/wp\/v2\/media?parent=944"}],"wp:term":[{"taxonomy":"product_brand","embeddable":true,"href":"https:\/\/agenciawebguadalajara.com\/emb\/wp-json\/wp\/v2\/product_brand?post=944"},{"taxonomy":"product_cat","embeddable":true,"href":"https:\/\/agenciawebguadalajara.com\/emb\/wp-json\/wp\/v2\/product_cat?post=944"},{"taxonomy":"product_tag","embeddable":true,"href":"https:\/\/agenciawebguadalajara.com\/emb\/wp-json\/wp\/v2\/product_tag?post=944"}],"curies":[{"name":"wp","href":"https:\/\/api.w.org\/{rel}","templated":true}]}}