{"id":958,"date":"2025-11-26T23:37:24","date_gmt":"2025-11-26T23:37:24","guid":{"rendered":"https:\/\/agenciawebguadalajara.com\/emb\/producto\/esponja-chica-vac\/"},"modified":"2025-11-26T23:37:24","modified_gmt":"2025-11-26T23:37:24","slug":"esponja-chica-vac","status":"publish","type":"product","link":"https:\/\/agenciawebguadalajara.com\/emb\/producto\/esponja-chica-vac\/","title":{"rendered":"ESPONJA CHICA VAC"},"content":{"rendered":"<p>\u00a0Se utiliza com\u00fanmente para la mayor\u00eda de los tipos de heridas, ya que ayuda a eliminar el exudado y el material infeccioso, y promueve la formaci\u00f3n de tejido de granulaci\u00f3n. A menudo se le conoce como\u00a03M\u0099 V.A.C.\u00ae Granufoam\u0099 Dressing.<\/p>\n","protected":false},"excerpt":{"rendered":"<p>Es un\u00a0ap\u00f3sito de espuma\u00a0dise\u00f1ado para aplicar presi\u00f3n negativa controlada a heridas peque\u00f1as<\/p>\n","protected":false},"featured_media":500,"template":"","meta":[],"product_brand":[],"product_cat":[32],"product_tag":[39],"class_list":{"0":"post-958","1":"product","2":"type-product","3":"status-publish","4":"has-post-thumbnail","6":"product_cat-insumo-medico","7":"product_tag-vac","9":"first","10":"instock","11":"product-type-simple"},"_links":{"self":[{"href":"https:\/\/agenciawebguadalajara.com\/emb\/wp-json\/wp\/v2\/product\/958","targetHints":{"allow":["GET"]}}],"collection":[{"href":"https:\/\/agenciawebguadalajara.com\/emb\/wp-json\/wp\/v2\/product"}],"about":[{"href":"https:\/\/agenciawebguadalajara.com\/emb\/wp-json\/wp\/v2\/types\/product"}],"version-history":[{"count":1,"href":"https:\/\/agenciawebguadalajara.com\/emb\/wp-json\/wp\/v2\/product\/958\/revisions"}],"predecessor-version":[{"id":959,"href":"https:\/\/agenciawebguadalajara.com\/emb\/wp-json\/wp\/v2\/product\/958\/revisions\/959"}],"wp:featuredmedia":[{"embeddable":true,"href":"https:\/\/agenciawebguadalajara.com\/emb\/wp-json\/wp\/v2\/media\/500"}],"wp:attachment":[{"href":"https:\/\/agenciawebguadalajara.com\/emb\/wp-json\/wp\/v2\/media?parent=958"}],"wp:term":[{"taxonomy":"product_brand","embeddable":true,"href":"https:\/\/agenciawebguadalajara.com\/emb\/wp-json\/wp\/v2\/product_brand?post=958"},{"taxonomy":"product_cat","embeddable":true,"href":"https:\/\/agenciawebguadalajara.com\/emb\/wp-json\/wp\/v2\/product_cat?post=958"},{"taxonomy":"product_tag","embeddable":true,"href":"https:\/\/agenciawebguadalajara.com\/emb\/wp-json\/wp\/v2\/product_tag?post=958"}],"curies":[{"name":"wp","href":"https:\/\/api.w.org\/{rel}","templated":true}]}}