{"id":974,"date":"2025-11-26T23:37:24","date_gmt":"2025-11-26T23:37:24","guid":{"rendered":"https:\/\/agenciawebguadalajara.com\/emb\/producto\/camisa-12-mm-100-mm-ethico\/"},"modified":"2025-11-26T23:37:25","modified_gmt":"2025-11-26T23:37:25","slug":"camisa-12-mm-100-mm-ethico","status":"publish","type":"product","link":"https:\/\/agenciawebguadalajara.com\/emb\/producto\/camisa-12-mm-100-mm-ethico\/","title":{"rendered":"CAMISA 12 MM 100 MM ETHICO"},"content":{"rendered":"<p>Corresponde a una\u00a0camisa\/manga de tr\u00f3car laparosc\u00f3pico universal\u00a0de la marca\u00a0Ethicon\u00a0(propiedad de Johnson &#038; Johnson), no a una camisa de motor. Se utiliza en procedimientos quir\u00fargicos de m\u00ednima invasi\u00f3n.<\/p>\n","protected":false},"excerpt":{"rendered":"<p>dispositivo m\u00e9dico est\u00e9ril de un solo uso dise\u00f1ado para procedimientos quir\u00fargicos laparosc\u00f3picos.\u00a0<\/p>\n","protected":false},"featured_media":0,"template":"","meta":[],"product_brand":[],"product_cat":[32],"product_tag":[31],"class_list":{"0":"post-974","1":"product","2":"type-product","3":"status-publish","5":"product_cat-insumo-medico","6":"product_tag-ethicon","8":"first","9":"instock","10":"product-type-simple"},"_links":{"self":[{"href":"https:\/\/agenciawebguadalajara.com\/emb\/wp-json\/wp\/v2\/product\/974","targetHints":{"allow":["GET"]}}],"collection":[{"href":"https:\/\/agenciawebguadalajara.com\/emb\/wp-json\/wp\/v2\/product"}],"about":[{"href":"https:\/\/agenciawebguadalajara.com\/emb\/wp-json\/wp\/v2\/types\/product"}],"version-history":[{"count":1,"href":"https:\/\/agenciawebguadalajara.com\/emb\/wp-json\/wp\/v2\/product\/974\/revisions"}],"predecessor-version":[{"id":975,"href":"https:\/\/agenciawebguadalajara.com\/emb\/wp-json\/wp\/v2\/product\/974\/revisions\/975"}],"wp:attachment":[{"href":"https:\/\/agenciawebguadalajara.com\/emb\/wp-json\/wp\/v2\/media?parent=974"}],"wp:term":[{"taxonomy":"product_brand","embeddable":true,"href":"https:\/\/agenciawebguadalajara.com\/emb\/wp-json\/wp\/v2\/product_brand?post=974"},{"taxonomy":"product_cat","embeddable":true,"href":"https:\/\/agenciawebguadalajara.com\/emb\/wp-json\/wp\/v2\/product_cat?post=974"},{"taxonomy":"product_tag","embeddable":true,"href":"https:\/\/agenciawebguadalajara.com\/emb\/wp-json\/wp\/v2\/product_tag?post=974"}],"curies":[{"name":"wp","href":"https:\/\/api.w.org\/{rel}","templated":true}]}}