{"id":976,"date":"2025-11-26T23:37:24","date_gmt":"2025-11-26T23:37:24","guid":{"rendered":"https:\/\/agenciawebguadalajara.com\/emb\/producto\/manguera-de-insuflacion-styker-con-filtro\/"},"modified":"2025-11-26T23:37:25","modified_gmt":"2025-11-26T23:37:25","slug":"manguera-de-insuflacion-styker-con-filtro","status":"publish","type":"product","link":"https:\/\/agenciawebguadalajara.com\/emb\/producto\/manguera-de-insuflacion-styker-con-filtro\/","title":{"rendered":"MANGUERA DE INSUFLACION STYKER CON FILTRO"},"content":{"rendered":"<p>Dispositivo m\u00e9dico utilizado principalmente en procedimientos laparosc\u00f3picos para insuflar CO\u00b2 de manera segura, previniendo la contaminaci\u00f3n bacteriana y viral del equipo y del personal. A continuaci\u00f3n, se presentan opciones de productos y d\u00f3nde comprarlos.<\/p>\n","protected":false},"excerpt":{"rendered":"<p>Sirve para\u00a0transportar di\u00f3xido de carbono (COu2082) est\u00e9ril desde un insuflador hacia la cavidad abdominal del paciente, con el prop\u00f3sito de crear y mantener un espacio de trabajo y visualizaci\u00f3n adecuado para el cirujano<\/p>\n","protected":false},"featured_media":531,"template":"","meta":[],"product_brand":[],"product_cat":[32],"product_tag":[31],"class_list":{"0":"post-976","1":"product","2":"type-product","3":"status-publish","4":"has-post-thumbnail","6":"product_cat-insumo-medico","7":"product_tag-ethicon","9":"first","10":"instock","11":"product-type-simple"},"_links":{"self":[{"href":"https:\/\/agenciawebguadalajara.com\/emb\/wp-json\/wp\/v2\/product\/976","targetHints":{"allow":["GET"]}}],"collection":[{"href":"https:\/\/agenciawebguadalajara.com\/emb\/wp-json\/wp\/v2\/product"}],"about":[{"href":"https:\/\/agenciawebguadalajara.com\/emb\/wp-json\/wp\/v2\/types\/product"}],"version-history":[{"count":1,"href":"https:\/\/agenciawebguadalajara.com\/emb\/wp-json\/wp\/v2\/product\/976\/revisions"}],"predecessor-version":[{"id":977,"href":"https:\/\/agenciawebguadalajara.com\/emb\/wp-json\/wp\/v2\/product\/976\/revisions\/977"}],"wp:featuredmedia":[{"embeddable":true,"href":"https:\/\/agenciawebguadalajara.com\/emb\/wp-json\/wp\/v2\/media\/531"}],"wp:attachment":[{"href":"https:\/\/agenciawebguadalajara.com\/emb\/wp-json\/wp\/v2\/media?parent=976"}],"wp:term":[{"taxonomy":"product_brand","embeddable":true,"href":"https:\/\/agenciawebguadalajara.com\/emb\/wp-json\/wp\/v2\/product_brand?post=976"},{"taxonomy":"product_cat","embeddable":true,"href":"https:\/\/agenciawebguadalajara.com\/emb\/wp-json\/wp\/v2\/product_cat?post=976"},{"taxonomy":"product_tag","embeddable":true,"href":"https:\/\/agenciawebguadalajara.com\/emb\/wp-json\/wp\/v2\/product_tag?post=976"}],"curies":[{"name":"wp","href":"https:\/\/api.w.org\/{rel}","templated":true}]}}