{"id":978,"date":"2025-11-26T23:37:24","date_gmt":"2025-11-26T23:37:24","guid":{"rendered":"https:\/\/agenciawebguadalajara.com\/emb\/producto\/kit-trocar-applied-5x100-mm\/"},"modified":"2025-11-26T23:37:25","modified_gmt":"2025-11-26T23:37:25","slug":"kit-trocar-applied-5x100-mm","status":"publish","type":"product","link":"https:\/\/agenciawebguadalajara.com\/emb\/producto\/kit-trocar-applied-5x100-mm\/","title":{"rendered":"KIT TROCAR APPLIED 5X100 MM"},"content":{"rendered":"<p>Su funci\u00f3n principal es introducir instrumentos y c\u00e1maras a trav\u00e9s de peque\u00f1as incisiones, permitiendo realizar cirug\u00edas m\u00ednimamente invasivas con beneficios como menor dolor y recuperaci\u00f3n m\u00e1s r\u00e1pida para el paciente.\u00a0<\/p>\n","protected":false},"excerpt":{"rendered":"<p>Sirve para crear un acceso seguro y estable dentro de la cavidad abdominal para procedimientos quir\u00fargicos laparosc\u00f3picos<\/p>\n","protected":false},"featured_media":522,"template":"","meta":[],"product_brand":[],"product_cat":[32],"product_tag":[31],"class_list":{"0":"post-978","1":"product","2":"type-product","3":"status-publish","4":"has-post-thumbnail","6":"product_cat-insumo-medico","7":"product_tag-ethicon","9":"first","10":"instock","11":"product-type-simple"},"_links":{"self":[{"href":"https:\/\/agenciawebguadalajara.com\/emb\/wp-json\/wp\/v2\/product\/978","targetHints":{"allow":["GET"]}}],"collection":[{"href":"https:\/\/agenciawebguadalajara.com\/emb\/wp-json\/wp\/v2\/product"}],"about":[{"href":"https:\/\/agenciawebguadalajara.com\/emb\/wp-json\/wp\/v2\/types\/product"}],"version-history":[{"count":1,"href":"https:\/\/agenciawebguadalajara.com\/emb\/wp-json\/wp\/v2\/product\/978\/revisions"}],"predecessor-version":[{"id":979,"href":"https:\/\/agenciawebguadalajara.com\/emb\/wp-json\/wp\/v2\/product\/978\/revisions\/979"}],"wp:featuredmedia":[{"embeddable":true,"href":"https:\/\/agenciawebguadalajara.com\/emb\/wp-json\/wp\/v2\/media\/522"}],"wp:attachment":[{"href":"https:\/\/agenciawebguadalajara.com\/emb\/wp-json\/wp\/v2\/media?parent=978"}],"wp:term":[{"taxonomy":"product_brand","embeddable":true,"href":"https:\/\/agenciawebguadalajara.com\/emb\/wp-json\/wp\/v2\/product_brand?post=978"},{"taxonomy":"product_cat","embeddable":true,"href":"https:\/\/agenciawebguadalajara.com\/emb\/wp-json\/wp\/v2\/product_cat?post=978"},{"taxonomy":"product_tag","embeddable":true,"href":"https:\/\/agenciawebguadalajara.com\/emb\/wp-json\/wp\/v2\/product_tag?post=978"}],"curies":[{"name":"wp","href":"https:\/\/api.w.org\/{rel}","templated":true}]}}