{"id":984,"date":"2025-11-26T23:37:24","date_gmt":"2025-11-26T23:37:24","guid":{"rendered":"https:\/\/agenciawebguadalajara.com\/emb\/producto\/aplicador-automatico-12-mm-mediano-25-clip-titanio-ethicon\/"},"modified":"2025-11-26T23:37:26","modified_gmt":"2025-11-26T23:37:26","slug":"aplicador-automatico-12-mm-mediano-25-clip-titanio-ethicon","status":"publish","type":"product","link":"https:\/\/agenciawebguadalajara.com\/emb\/producto\/aplicador-automatico-12-mm-mediano-25-clip-titanio-ethicon\/","title":{"rendered":"APLICADOR AUTOMATICO 12 MM MEDIANO 25 CLIP TITANIO ETHICON"},"content":{"rendered":"<p>El\u00a0aplicador autom\u00e1tico 12 mm mediano 25 clip titanio\u00a0Ethicon\u00a0se refiere probablemente a un modelo espec\u00edfico dentro de la l\u00ednea de\u00a0aplicadores endosc\u00f3picos rotatorios de m\u00faltiples clips LIGACLIP\u0099\u00a0de Ethicon, utilizado en procedimientos laparosc\u00f3picos para la ligadura de vasos y estructuras tubulares<\/p>\n","protected":false},"excerpt":{"rendered":"<p>Es un dispositivo m\u00e9dico quir\u00fargico que se utiliza para la\u00a0ligadura (cierre) de vasos sangu\u00edneos, conductos o tejidos blandos\u00a0durante procedimientos de cirug\u00eda m\u00ednimamente invasiva, espec\u00edficamente en laparoscopias<\/p>\n","protected":false},"featured_media":461,"template":"","meta":[],"product_brand":[],"product_cat":[32],"product_tag":[31],"class_list":{"0":"post-984","1":"product","2":"type-product","3":"status-publish","4":"has-post-thumbnail","6":"product_cat-insumo-medico","7":"product_tag-ethicon","9":"first","10":"instock","11":"product-type-simple"},"_links":{"self":[{"href":"https:\/\/agenciawebguadalajara.com\/emb\/wp-json\/wp\/v2\/product\/984","targetHints":{"allow":["GET"]}}],"collection":[{"href":"https:\/\/agenciawebguadalajara.com\/emb\/wp-json\/wp\/v2\/product"}],"about":[{"href":"https:\/\/agenciawebguadalajara.com\/emb\/wp-json\/wp\/v2\/types\/product"}],"version-history":[{"count":1,"href":"https:\/\/agenciawebguadalajara.com\/emb\/wp-json\/wp\/v2\/product\/984\/revisions"}],"predecessor-version":[{"id":985,"href":"https:\/\/agenciawebguadalajara.com\/emb\/wp-json\/wp\/v2\/product\/984\/revisions\/985"}],"wp:featuredmedia":[{"embeddable":true,"href":"https:\/\/agenciawebguadalajara.com\/emb\/wp-json\/wp\/v2\/media\/461"}],"wp:attachment":[{"href":"https:\/\/agenciawebguadalajara.com\/emb\/wp-json\/wp\/v2\/media?parent=984"}],"wp:term":[{"taxonomy":"product_brand","embeddable":true,"href":"https:\/\/agenciawebguadalajara.com\/emb\/wp-json\/wp\/v2\/product_brand?post=984"},{"taxonomy":"product_cat","embeddable":true,"href":"https:\/\/agenciawebguadalajara.com\/emb\/wp-json\/wp\/v2\/product_cat?post=984"},{"taxonomy":"product_tag","embeddable":true,"href":"https:\/\/agenciawebguadalajara.com\/emb\/wp-json\/wp\/v2\/product_tag?post=984"}],"curies":[{"name":"wp","href":"https:\/\/api.w.org\/{rel}","templated":true}]}}