{"id":988,"date":"2025-11-26T23:37:24","date_gmt":"2025-11-26T23:37:24","guid":{"rendered":"https:\/\/agenciawebguadalajara.com\/emb\/producto\/trocar-12-mm-100-mm-optico-sin-najava-punta-roma-ethicon\/"},"modified":"2025-11-26T23:37:26","modified_gmt":"2025-11-26T23:37:26","slug":"trocar-12-mm-100-mm-optico-sin-najava-punta-roma-ethicon","status":"publish","type":"product","link":"https:\/\/agenciawebguadalajara.com\/emb\/producto\/trocar-12-mm-100-mm-optico-sin-najava-punta-roma-ethicon\/","title":{"rendered":"TROCAR 12 MM 100 MM OPTICO SIN NAJAVA PUNTA ROMA  ETHICON"},"content":{"rendered":"<p>El trocar que buscas es el\u00a0Ethicon Endopath Xcel sin Navaja\u00a0(Bladeless) de 12 mm de di\u00e1metro y 100 mm de largo, disponible en presentaciones con y sin estr\u00edas, y con tecnolog\u00eda \u00f3ptica integrada en algunos modelos<\/p>\n","protected":false},"excerpt":{"rendered":"<p>A diferencia de los tr\u00f3cares con cuchilla, este dise\u00f1o no corta los tejidos, sino que los separa siguiendo las fibras del tejido.<\/p>\n","protected":false},"featured_media":575,"template":"","meta":[],"product_brand":[],"product_cat":[32],"product_tag":[31],"class_list":{"0":"post-988","1":"product","2":"type-product","3":"status-publish","4":"has-post-thumbnail","6":"product_cat-insumo-medico","7":"product_tag-ethicon","9":"first","10":"instock","11":"product-type-simple"},"_links":{"self":[{"href":"https:\/\/agenciawebguadalajara.com\/emb\/wp-json\/wp\/v2\/product\/988","targetHints":{"allow":["GET"]}}],"collection":[{"href":"https:\/\/agenciawebguadalajara.com\/emb\/wp-json\/wp\/v2\/product"}],"about":[{"href":"https:\/\/agenciawebguadalajara.com\/emb\/wp-json\/wp\/v2\/types\/product"}],"version-history":[{"count":1,"href":"https:\/\/agenciawebguadalajara.com\/emb\/wp-json\/wp\/v2\/product\/988\/revisions"}],"predecessor-version":[{"id":989,"href":"https:\/\/agenciawebguadalajara.com\/emb\/wp-json\/wp\/v2\/product\/988\/revisions\/989"}],"wp:featuredmedia":[{"embeddable":true,"href":"https:\/\/agenciawebguadalajara.com\/emb\/wp-json\/wp\/v2\/media\/575"}],"wp:attachment":[{"href":"https:\/\/agenciawebguadalajara.com\/emb\/wp-json\/wp\/v2\/media?parent=988"}],"wp:term":[{"taxonomy":"product_brand","embeddable":true,"href":"https:\/\/agenciawebguadalajara.com\/emb\/wp-json\/wp\/v2\/product_brand?post=988"},{"taxonomy":"product_cat","embeddable":true,"href":"https:\/\/agenciawebguadalajara.com\/emb\/wp-json\/wp\/v2\/product_cat?post=988"},{"taxonomy":"product_tag","embeddable":true,"href":"https:\/\/agenciawebguadalajara.com\/emb\/wp-json\/wp\/v2\/product_tag?post=988"}],"curies":[{"name":"wp","href":"https:\/\/api.w.org\/{rel}","templated":true}]}}