{"id":992,"date":"2025-11-26T23:37:24","date_gmt":"2025-11-26T23:37:24","guid":{"rendered":"https:\/\/agenciawebguadalajara.com\/emb\/producto\/tijera-curva-con-monopolar-5mm\/"},"modified":"2025-11-26T23:37:26","modified_gmt":"2025-11-26T23:37:26","slug":"tijera-curva-con-monopolar-5mm","status":"publish","type":"product","link":"https:\/\/agenciawebguadalajara.com\/emb\/producto\/tijera-curva-con-monopolar-5mm\/","title":{"rendered":"TIJERA CURVA CON MONOPOLAR 5MM"},"content":{"rendered":"<p>La\u00a0tijera curva con monopolar de 5 mm\u00a0es un\u00a0instrumento quir\u00fargico laparosc\u00f3pico utilizado para\u00a0cortar, coagular y disecar tejidos\u00a0en procedimientos de m\u00ednima invasi\u00f3n<\/p>\n","protected":false},"excerpt":{"rendered":"<p>Este tipo de tijera es un instrumento esencial en procedimientos de cirug\u00eda m\u00ednimamente invasiva (laparoscopia), que incluyen cirug\u00edas generales, ginecol\u00f3gicas, urol\u00f3gicas y tor\u00e1cicas<\/p>\n","protected":false},"featured_media":568,"template":"","meta":[],"product_brand":[],"product_cat":[32],"product_tag":[],"class_list":{"0":"post-992","1":"product","2":"type-product","3":"status-publish","4":"has-post-thumbnail","6":"product_cat-insumo-medico","8":"first","9":"instock","10":"product-type-simple"},"_links":{"self":[{"href":"https:\/\/agenciawebguadalajara.com\/emb\/wp-json\/wp\/v2\/product\/992","targetHints":{"allow":["GET"]}}],"collection":[{"href":"https:\/\/agenciawebguadalajara.com\/emb\/wp-json\/wp\/v2\/product"}],"about":[{"href":"https:\/\/agenciawebguadalajara.com\/emb\/wp-json\/wp\/v2\/types\/product"}],"version-history":[{"count":1,"href":"https:\/\/agenciawebguadalajara.com\/emb\/wp-json\/wp\/v2\/product\/992\/revisions"}],"predecessor-version":[{"id":993,"href":"https:\/\/agenciawebguadalajara.com\/emb\/wp-json\/wp\/v2\/product\/992\/revisions\/993"}],"wp:featuredmedia":[{"embeddable":true,"href":"https:\/\/agenciawebguadalajara.com\/emb\/wp-json\/wp\/v2\/media\/568"}],"wp:attachment":[{"href":"https:\/\/agenciawebguadalajara.com\/emb\/wp-json\/wp\/v2\/media?parent=992"}],"wp:term":[{"taxonomy":"product_brand","embeddable":true,"href":"https:\/\/agenciawebguadalajara.com\/emb\/wp-json\/wp\/v2\/product_brand?post=992"},{"taxonomy":"product_cat","embeddable":true,"href":"https:\/\/agenciawebguadalajara.com\/emb\/wp-json\/wp\/v2\/product_cat?post=992"},{"taxonomy":"product_tag","embeddable":true,"href":"https:\/\/agenciawebguadalajara.com\/emb\/wp-json\/wp\/v2\/product_tag?post=992"}],"curies":[{"name":"wp","href":"https:\/\/api.w.org\/{rel}","templated":true}]}}