{"id":996,"date":"2025-11-26T23:37:28","date_gmt":"2025-11-26T23:37:28","guid":{"rendered":"https:\/\/agenciawebguadalajara.com\/emb\/producto\/clip-m-l-titanio-6clips-por-cartuchoverde\/"},"modified":"2025-11-26T23:37:28","modified_gmt":"2025-11-26T23:37:28","slug":"clip-m-l-titanio-6clips-por-cartuchoverde","status":"publish","type":"product","link":"https:\/\/agenciawebguadalajara.com\/emb\/producto\/clip-m-l-titanio-6clips-por-cartuchoverde\/","title":{"rendered":"CLIP M\/L TITANIO (6CLIPS POR CARTUCHO)VERDE"},"content":{"rendered":"<p>El producto\u00a0CLIP M\/L TITANIO (6 CLIPS POR CARTUCHO) VERDE\u00a0es un dispositivo m\u00e9dico utilizado para la\u00a0oclusi\u00f3n y ligadura de estructuras vasculares o tejidos\u00a0durante procedimientos quir\u00fargicos, especialmente en cirug\u00edas m\u00ednimamente invasivas o laparosc\u00f3picas.<\/p>\n","protected":false},"excerpt":{"rendered":"<p>Est\u00e1n dise\u00f1ados para la oclusi\u00f3n y ligadura de estructuras vasculares o tejidos, y se utilizan en procedimientos endosc\u00f3picos y cirug\u00edas abiertas, incluyendo cirug\u00edas tor\u00e1cicas, vasculares, gastrointestinales, urol\u00f3gicas, ginecol\u00f3gicas y bari\u00e1tricas<\/p>\n","protected":false},"featured_media":478,"template":"","meta":[],"product_brand":[],"product_cat":[32],"product_tag":[40],"class_list":{"0":"post-996","1":"product","2":"type-product","3":"status-publish","4":"has-post-thumbnail","6":"product_cat-insumo-medico","7":"product_tag-stema","9":"first","10":"instock","11":"product-type-simple"},"_links":{"self":[{"href":"https:\/\/agenciawebguadalajara.com\/emb\/wp-json\/wp\/v2\/product\/996","targetHints":{"allow":["GET"]}}],"collection":[{"href":"https:\/\/agenciawebguadalajara.com\/emb\/wp-json\/wp\/v2\/product"}],"about":[{"href":"https:\/\/agenciawebguadalajara.com\/emb\/wp-json\/wp\/v2\/types\/product"}],"version-history":[{"count":1,"href":"https:\/\/agenciawebguadalajara.com\/emb\/wp-json\/wp\/v2\/product\/996\/revisions"}],"predecessor-version":[{"id":997,"href":"https:\/\/agenciawebguadalajara.com\/emb\/wp-json\/wp\/v2\/product\/996\/revisions\/997"}],"wp:featuredmedia":[{"embeddable":true,"href":"https:\/\/agenciawebguadalajara.com\/emb\/wp-json\/wp\/v2\/media\/478"}],"wp:attachment":[{"href":"https:\/\/agenciawebguadalajara.com\/emb\/wp-json\/wp\/v2\/media?parent=996"}],"wp:term":[{"taxonomy":"product_brand","embeddable":true,"href":"https:\/\/agenciawebguadalajara.com\/emb\/wp-json\/wp\/v2\/product_brand?post=996"},{"taxonomy":"product_cat","embeddable":true,"href":"https:\/\/agenciawebguadalajara.com\/emb\/wp-json\/wp\/v2\/product_cat?post=996"},{"taxonomy":"product_tag","embeddable":true,"href":"https:\/\/agenciawebguadalajara.com\/emb\/wp-json\/wp\/v2\/product_tag?post=996"}],"curies":[{"name":"wp","href":"https:\/\/api.w.org\/{rel}","templated":true}]}}