{"id":998,"date":"2025-11-26T23:37:28","date_gmt":"2025-11-26T23:37:28","guid":{"rendered":"https:\/\/agenciawebguadalajara.com\/emb\/producto\/clip-grande-titanio-6-clips-por-cartuchodorado\/"},"modified":"2025-11-26T23:37:28","modified_gmt":"2025-11-26T23:37:28","slug":"clip-grande-titanio-6-clips-por-cartuchodorado","status":"publish","type":"product","link":"https:\/\/agenciawebguadalajara.com\/emb\/producto\/clip-grande-titanio-6-clips-por-cartuchodorado\/","title":{"rendered":"CLIP GRANDE TITANIO (6 CLIPS POR CARTUCHO)dorado"},"content":{"rendered":"<p>El &#8220;CLIP GRANDE TITANIO (6 CLIPS POR CARTUCHO) dorado&#8221; es un\u00a0clip quir\u00fargico m\u00e9dico\u00a0utilizado para la oclusi\u00f3n y ligadura de vasos sangu\u00edneos y tejidos durante procedimientos m\u00ednimamente invasivos, no un clip de papeler\u00eda.<\/p>\n","protected":false},"excerpt":{"rendered":"<p>Estos clips de titanio est\u00e1n dise\u00f1ados para su aplicaci\u00f3n en estructuras tubulares o vasos durante procedimientos quir\u00fargicos m\u00ednimamente invasivos, como cirug\u00edas laparosc\u00f3picas, cardiacas, tor\u00e1cicas, urol\u00f3gicas y ginecol\u00f3gicas.<\/p>\n","protected":false},"featured_media":477,"template":"","meta":[],"product_brand":[],"product_cat":[32],"product_tag":[40],"class_list":{"0":"post-998","1":"product","2":"type-product","3":"status-publish","4":"has-post-thumbnail","6":"product_cat-insumo-medico","7":"product_tag-stema","9":"first","10":"instock","11":"product-type-simple"},"_links":{"self":[{"href":"https:\/\/agenciawebguadalajara.com\/emb\/wp-json\/wp\/v2\/product\/998","targetHints":{"allow":["GET"]}}],"collection":[{"href":"https:\/\/agenciawebguadalajara.com\/emb\/wp-json\/wp\/v2\/product"}],"about":[{"href":"https:\/\/agenciawebguadalajara.com\/emb\/wp-json\/wp\/v2\/types\/product"}],"version-history":[{"count":1,"href":"https:\/\/agenciawebguadalajara.com\/emb\/wp-json\/wp\/v2\/product\/998\/revisions"}],"predecessor-version":[{"id":999,"href":"https:\/\/agenciawebguadalajara.com\/emb\/wp-json\/wp\/v2\/product\/998\/revisions\/999"}],"wp:featuredmedia":[{"embeddable":true,"href":"https:\/\/agenciawebguadalajara.com\/emb\/wp-json\/wp\/v2\/media\/477"}],"wp:attachment":[{"href":"https:\/\/agenciawebguadalajara.com\/emb\/wp-json\/wp\/v2\/media?parent=998"}],"wp:term":[{"taxonomy":"product_brand","embeddable":true,"href":"https:\/\/agenciawebguadalajara.com\/emb\/wp-json\/wp\/v2\/product_brand?post=998"},{"taxonomy":"product_cat","embeddable":true,"href":"https:\/\/agenciawebguadalajara.com\/emb\/wp-json\/wp\/v2\/product_cat?post=998"},{"taxonomy":"product_tag","embeddable":true,"href":"https:\/\/agenciawebguadalajara.com\/emb\/wp-json\/wp\/v2\/product_tag?post=998"}],"curies":[{"name":"wp","href":"https:\/\/api.w.org\/{rel}","templated":true}]}}