{"id":4273,"date":"2026-04-02T17:18:41","date_gmt":"2026-04-02T17:18:41","guid":{"rendered":"https:\/\/agenciawebguadalajara.com\/marrakesh\/?page_id=4273"},"modified":"2026-04-29T18:10:50","modified_gmt":"2026-04-29T18:10:50","slug":"quienes-somos","status":"publish","type":"page","link":"https:\/\/agenciawebguadalajara.com\/marrakesh\/quienes-somos\/","title":{"rendered":"Quienes somos"},"content":{"rendered":"\t\t<div data-elementor-type=\"wp-page\" data-elementor-id=\"4273\" class=\"elementor elementor-4273\" data-elementor-post-type=\"page\">\n\t\t\t\t<div class=\"elementor-element elementor-element-7df763a6 e-flex e-con-boxed e-con e-parent\" data-id=\"7df763a6\" data-element_type=\"container\" data-e-type=\"container\" data-settings=\"{&quot;background_background&quot;:&quot;classic&quot;}\">\n\t\t\t\t\t<div class=\"e-con-inner\">\n\t\t<div class=\"elementor-element elementor-element-472cc302 e-con-full e-flex elementor-invisible e-con e-child\" data-id=\"472cc302\" data-element_type=\"container\" data-e-type=\"container\" data-settings=\"{&quot;animation&quot;:&quot;fadeInUp&quot;,&quot;animation_delay&quot;:&quot;200&quot;}\">\n\t\t\t\t<div class=\"elementor-element elementor-element-72a4bdbf elementor-widget elementor-widget-heading\" data-id=\"72a4bdbf\" data-element_type=\"widget\" data-e-type=\"widget\" data-widget_type=\"heading.default\">\n\t\t\t\t\t<h1 class=\"elementor-heading-title elementor-size-default\">Qui\u00e9nes somos<\/h1>\t\t\t\t<\/div>\n\t\t\t\t<div class=\"elementor-element elementor-element-4a8811fa elementor-widget elementor-widget-heading\" data-id=\"4a8811fa\" data-element_type=\"widget\" data-e-type=\"widget\" data-widget_type=\"heading.default\">\n\t\t\t\t\t<h5 class=\"elementor-heading-title elementor-size-default\">NUESTRA HISTORIA<\/h5>\t\t\t\t<\/div>\n\t\t\t\t<\/div>\n\t\t\t\t\t<\/div>\n\t\t\t\t<\/div>\n\t\t<div class=\"elementor-element elementor-element-30e1fd90 e-flex e-con-boxed e-con e-parent\" data-id=\"30e1fd90\" data-element_type=\"container\" data-e-type=\"container\" data-settings=\"{&quot;background_background&quot;:&quot;classic&quot;}\">\n\t\t\t\t\t<div class=\"e-con-inner\">\n\t\t<div class=\"elementor-element elementor-element-71d03af1 e-con-full e-flex e-con e-child\" data-id=\"71d03af1\" data-element_type=\"container\" data-e-type=\"container\">\n\t\t<div class=\"elementor-element elementor-element-2a6db290 e-flex e-con-boxed e-con e-child\" data-id=\"2a6db290\" data-element_type=\"container\" data-e-type=\"container\">\n\t\t\t\t\t<div class=\"e-con-inner\">\n\t\t\t\t<div class=\"elementor-element elementor-element-7343b824 elementor-invisible elementor-widget elementor-widget-image\" data-id=\"7343b824\" data-element_type=\"widget\" data-e-type=\"widget\" data-settings=\"{&quot;motion_fx_motion_fx_scrolling&quot;:&quot;yes&quot;,&quot;motion_fx_translateY_effect&quot;:&quot;yes&quot;,&quot;motion_fx_translateY_speed&quot;:{&quot;unit&quot;:&quot;px&quot;,&quot;size&quot;:&quot;2&quot;,&quot;sizes&quot;:[]},&quot;motion_fx_devices&quot;:[&quot;desktop&quot;],&quot;_animation&quot;:&quot;fadeIn&quot;,&quot;motion_fx_translateY_affectedRange&quot;:{&quot;unit&quot;:&quot;%&quot;,&quot;size&quot;:&quot;&quot;,&quot;sizes&quot;:{&quot;start&quot;:0,&quot;end&quot;:100}}}\" data-widget_type=\"image.default\">\n\t\t\t\t\t\t\t\t\t\t\t\t\t\t\t<img fetchpriority=\"high\" decoding=\"async\" width=\"302\" height=\"450\" src=\"https:\/\/agenciawebguadalajara.com\/marrakesh\/wp-content\/uploads\/2026\/04\/Nosotros-4.4.jpg\" class=\"attachment-large size-large wp-image-4861\" alt=\"\" srcset=\"https:\/\/agenciawebguadalajara.com\/marrakesh\/wp-content\/uploads\/2026\/04\/Nosotros-4.4.jpg 302w, https:\/\/agenciawebguadalajara.com\/marrakesh\/wp-content\/uploads\/2026\/04\/Nosotros-4.4-201x300.jpg 201w\" sizes=\"(max-width: 302px) 100vw, 302px\" \/>\t\t\t\t\t\t\t\t\t\t\t\t\t\t\t<\/div>\n\t\t\t\t\t<\/div>\n\t\t\t\t<\/div>\n\t\t<div class=\"elementor-element elementor-element-6765106a e-flex e-con-boxed e-con e-child\" data-id=\"6765106a\" data-element_type=\"container\" data-e-type=\"container\">\n\t\t\t\t\t<div class=\"e-con-inner\">\n\t\t\t\t<div class=\"elementor-element elementor-element-3ce49052 elementor-invisible elementor-widget elementor-widget-image\" data-id=\"3ce49052\" data-element_type=\"widget\" data-e-type=\"widget\" data-settings=\"{&quot;motion_fx_motion_fx_scrolling&quot;:&quot;yes&quot;,&quot;motion_fx_translateY_effect&quot;:&quot;yes&quot;,&quot;motion_fx_translateY_direction&quot;:&quot;negative&quot;,&quot;motion_fx_translateY_speed&quot;:{&quot;unit&quot;:&quot;px&quot;,&quot;size&quot;:&quot;2&quot;,&quot;sizes&quot;:[]},&quot;motion_fx_devices&quot;:[&quot;desktop&quot;],&quot;_animation&quot;:&quot;fadeIn&quot;,&quot;motion_fx_translateY_affectedRange&quot;:{&quot;unit&quot;:&quot;%&quot;,&quot;size&quot;:&quot;&quot;,&quot;sizes&quot;:{&quot;start&quot;:0,&quot;end&quot;:100}}}\" data-widget_type=\"image.default\">\n\t\t\t\t\t\t\t\t\t\t\t\t\t\t\t<img decoding=\"async\" width=\"302\" height=\"500\" src=\"https:\/\/agenciawebguadalajara.com\/marrakesh\/wp-content\/uploads\/2026\/04\/Nosotros-5.5.jpg\" class=\"attachment-large size-large wp-image-4862\" alt=\"\" srcset=\"https:\/\/agenciawebguadalajara.com\/marrakesh\/wp-content\/uploads\/2026\/04\/Nosotros-5.5.jpg 302w, https:\/\/agenciawebguadalajara.com\/marrakesh\/wp-content\/uploads\/2026\/04\/Nosotros-5.5-181x300.jpg 181w\" sizes=\"(max-width: 302px) 100vw, 302px\" \/>\t\t\t\t\t\t\t\t\t\t\t\t\t\t\t<\/div>\n\t\t\t\t\t<\/div>\n\t\t\t\t<\/div>\n\t\t\t\t<\/div>\n\t\t<div class=\"elementor-element elementor-element-382dd87c e-con-full e-flex elementor-invisible e-con e-child\" data-id=\"382dd87c\" data-element_type=\"container\" data-e-type=\"container\" data-settings=\"{&quot;animation&quot;:&quot;fadeIn&quot;}\">\n\t\t\t\t<div class=\"elementor-element elementor-element-1e936629 elementor-widget elementor-widget-heading\" data-id=\"1e936629\" data-element_type=\"widget\" data-e-type=\"widget\" data-widget_type=\"heading.default\">\n\t\t\t\t\t<h5 class=\"elementor-heading-title elementor-size-default\">Hotel Boutique Marrakesh <\/h5>\t\t\t\t<\/div>\n\t\t\t\t<div class=\"elementor-element elementor-element-1bcb5fe8 elementor-widget elementor-widget-heading\" data-id=\"1bcb5fe8\" data-element_type=\"widget\" data-e-type=\"widget\" data-widget_type=\"heading.default\">\n\t\t\t\t\t<h2 class=\"elementor-heading-title elementor-size-default\">Ubicado en Villa Corona Jalisco<\/h2>\t\t\t\t<\/div>\n\t\t\t\t<div class=\"elementor-element elementor-element-3d762a05 elementor-widget elementor-widget-heading\" data-id=\"3d762a05\" data-element_type=\"widget\" data-e-type=\"widget\" data-widget_type=\"heading.default\">\n\t\t\t\t\t<p class=\"elementor-heading-title elementor-size-default\">Hotel Boutique Marrakesh es un exclusivo espacio dise\u00f1ado para brindar una experiencia de descanso, confort y bienestar. Cuenta con 12 acogedoras habitaciones y una relajante alberca de agua termal, ideal para desconectarse y disfrutar del entorno.<\/p>\t\t\t\t<\/div>\n\t\t\t\t<div class=\"elementor-element elementor-element-172f6b2 elementor-widget elementor-widget-heading\" data-id=\"172f6b2\" data-element_type=\"widget\" data-e-type=\"widget\" data-widget_type=\"heading.default\">\n\t\t\t\t\t<p class=\"elementor-heading-title elementor-size-default\">Dentro de sus instalaciones, ofrece servicio de restaurante y spa, ambos abiertos al p\u00fablico en general, por lo que no es necesario estar hospedado para disfrutar de estas experiencias. Es un hotel completamente familiar, pensado para crear momentos inolvidables en un ambiente c\u00e1lido y acogedor.<\/p>\t\t\t\t<\/div>\n\t\t<div class=\"elementor-element elementor-element-18c088bf e-flex e-con-boxed e-con e-child\" data-id=\"18c088bf\" data-element_type=\"container\" data-e-type=\"container\">\n\t\t\t\t\t<div class=\"e-con-inner\">\n\t\t\t\t<div class=\"elementor-element elementor-element-1438da8 elementor-mobile-align-center elementor-widget elementor-widget-button\" data-id=\"1438da8\" data-element_type=\"widget\" data-e-type=\"widget\" data-widget_type=\"button.default\">\n\t\t\t\t\t\t\t\t\t\t<a class=\"elementor-button elementor-button-link elementor-size-sm elementor-animation-shrink\" href=\"https:\/\/wa.link\/31udpb\" target=\"_blank\">\n\t\t\t\t\t\t<span class=\"elementor-button-content-wrapper\">\n\t\t\t\t\t\t\t\t\t<span class=\"elementor-button-text\">Reserva ahora<\/span>\n\t\t\t\t\t<\/span>\n\t\t\t\t\t<\/a>\n\t\t\t\t\t\t\t\t<\/div>\n\t\t\t\t\t<\/div>\n\t\t\t\t<\/div>\n\t\t\t\t<\/div>\n\t\t\t\t\t<\/div>\n\t\t\t\t<\/div>\n\t\t<div class=\"elementor-element elementor-element-2a41949b e-con-full e-flex e-con e-parent\" data-id=\"2a41949b\" data-element_type=\"container\" data-e-type=\"container\">\n\t\t<div class=\"elementor-element elementor-element-778af3bb e-con-full e-flex e-con e-child\" data-id=\"778af3bb\" data-element_type=\"container\" data-e-type=\"container\">\n\t\t<div class=\"elementor-element elementor-element-6b8c96c2 e-flex e-con-boxed e-con e-child\" data-id=\"6b8c96c2\" data-element_type=\"container\" data-e-type=\"container\" data-settings=\"{&quot;background_background&quot;:&quot;classic&quot;}\">\n\t\t\t\t\t<div class=\"e-con-inner\">\n\t\t\t\t<div class=\"elementor-element elementor-element-b428b5a elementor-widget elementor-widget-heading\" data-id=\"b428b5a\" data-element_type=\"widget\" data-e-type=\"widget\" data-widget_type=\"heading.default\">\n\t\t\t\t\t<h5 class=\"elementor-heading-title elementor-size-default\">\u00bfPOR QU\u00c9 ELEGIRNOS?<\/h5>\t\t\t\t<\/div>\n\t\t\t\t<div class=\"elementor-element elementor-element-34cfd5c9 elementor-widget elementor-widget-heading\" data-id=\"34cfd5c9\" data-element_type=\"widget\" data-e-type=\"widget\" data-widget_type=\"heading.default\">\n\t\t\t\t\t<h2 class=\"elementor-heading-title elementor-size-default\">\u00bfPor qu\u00e9 elegirnos?<\/h2>\t\t\t\t<\/div>\n\t\t\t\t<div class=\"elementor-element elementor-element-240cd313 elementor-widget elementor-widget-heading\" data-id=\"240cd313\" data-element_type=\"widget\" data-e-type=\"widget\" data-widget_type=\"heading.default\">\n\t\t\t\t\t<p class=\"elementor-heading-title elementor-size-default\">Somos un hotel que integra m\u00faltiples servicios dentro de sus instalaciones, a diferencia de nuestra competencia directa, que se enfoca \u00fanicamente en el hospedaje.<\/p>\t\t\t\t<\/div>\n\t\t\t\t<div class=\"elementor-element elementor-element-3aadc684 elementor-tablet-align-center elementor-invisible elementor-widget elementor-widget-button\" data-id=\"3aadc684\" data-element_type=\"widget\" data-e-type=\"widget\" data-settings=\"{&quot;_animation&quot;:&quot;fadeInUp&quot;}\" data-widget_type=\"button.default\">\n\t\t\t\t\t\t\t\t\t\t<a class=\"elementor-button elementor-button-link elementor-size-sm elementor-animation-shrink\" href=\"https:\/\/wa.link\/31udpb\" target=\"_blank\">\n\t\t\t\t\t\t<span class=\"elementor-button-content-wrapper\">\n\t\t\t\t\t\t\t\t\t<span class=\"elementor-button-text\">Reserva ahora<\/span>\n\t\t\t\t\t<\/span>\n\t\t\t\t\t<\/a>\n\t\t\t\t\t\t\t\t<\/div>\n\t\t\t\t\t<\/div>\n\t\t\t\t<\/div>\n\t\t<div class=\"elementor-element elementor-element-6cffd652 e-flex e-con-boxed e-con e-child\" data-id=\"6cffd652\" data-element_type=\"container\" data-e-type=\"container\">\n\t\t\t\t\t<div class=\"e-con-inner\">\n\t\t<div class=\"elementor-element elementor-element-7da20ab6 e-flex e-con-boxed e-con e-child\" data-id=\"7da20ab6\" data-element_type=\"container\" data-e-type=\"container\" data-settings=\"{&quot;background_background&quot;:&quot;classic&quot;,&quot;background_motion_fx_motion_fx_scrolling&quot;:&quot;yes&quot;,&quot;background_motion_fx_translateX_effect&quot;:&quot;yes&quot;,&quot;background_motion_fx_translateX_direction&quot;:&quot;negative&quot;,&quot;background_motion_fx_translateX_speed&quot;:{&quot;unit&quot;:&quot;px&quot;,&quot;size&quot;:&quot;2&quot;,&quot;sizes&quot;:[]},&quot;background_motion_fx_devices&quot;:[&quot;desktop&quot;],&quot;background_motion_fx_translateX_affectedRange&quot;:{&quot;unit&quot;:&quot;%&quot;,&quot;size&quot;:&quot;&quot;,&quot;sizes&quot;:{&quot;start&quot;:0,&quot;end&quot;:100}}}\">\n\t\t\t\t\t<div class=\"e-con-inner\">\n\t\t\t\t\t<\/div>\n\t\t\t\t<\/div>\n\t\t<div class=\"elementor-element elementor-element-fc503e6 e-flex e-con-boxed e-con e-child\" data-id=\"fc503e6\" data-element_type=\"container\" data-e-type=\"container\">\n\t\t\t\t\t<div class=\"e-con-inner\">\n\t\t<div class=\"elementor-element elementor-element-22a7c9fc e-flex e-con-boxed elementor-invisible e-con e-child\" data-id=\"22a7c9fc\" data-element_type=\"container\" data-e-type=\"container\" data-settings=\"{&quot;background_background&quot;:&quot;classic&quot;,&quot;animation&quot;:&quot;fadeIn&quot;}\">\n\t\t\t\t\t<div class=\"e-con-inner\">\n\t\t\t\t<div class=\"elementor-element elementor-element-2628547 elementor-widget elementor-widget-heading\" data-id=\"2628547\" data-element_type=\"widget\" data-e-type=\"widget\" data-widget_type=\"heading.default\">\n\t\t\t\t\t<h5 class=\"elementor-heading-title elementor-size-default\">Ofrecemos experiencias completas de bienestar<\/h5>\t\t\t\t<\/div>\n\t\t\t\t<div class=\"elementor-element elementor-element-5221ca1c elementor-widget elementor-widget-heading\" data-id=\"5221ca1c\" data-element_type=\"widget\" data-e-type=\"widget\" data-widget_type=\"heading.default\">\n\t\t\t\t\t<p class=\"elementor-heading-title elementor-size-default\">como nuestra alberca de agua termal y spa, dise\u00f1adas para brindar descanso, relajaci\u00f3n y renovaci\u00f3n.<\/p>\t\t\t\t<\/div>\n\t\t\t\t<div class=\"elementor-element elementor-element-39f22874 elementor-widget elementor-widget-heading\" data-id=\"39f22874\" data-element_type=\"widget\" data-e-type=\"widget\" data-widget_type=\"heading.default\">\n\t\t\t\t\t<h5 class=\"elementor-heading-title elementor-size-default\">Nuestro enfoque boutique <\/h5>\t\t\t\t<\/div>\n\t\t\t\t<div class=\"elementor-element elementor-element-161118b2 elementor-widget elementor-widget-heading\" data-id=\"161118b2\" data-element_type=\"widget\" data-e-type=\"widget\" data-widget_type=\"heading.default\">\n\t\t\t\t\t<p class=\"elementor-heading-title elementor-size-default\">nos permite crear un ambiente c\u00e1lido, personalizado y exclusivo, donde cada hu\u00e9sped puede desconectarse y disfrutar de una experiencia \u00fanica.<\/p>\t\t\t\t<\/div>\n\t\t\t\t\t<\/div>\n\t\t\t\t<\/div>\n\t\t\t\t\t<\/div>\n\t\t\t\t<\/div>\n\t\t\t\t\t<\/div>\n\t\t\t\t<\/div>\n\t\t\t\t<\/div>\n\t\t<div class=\"elementor-element elementor-element-2640cd71 e-con-full e-flex e-con e-child\" data-id=\"2640cd71\" data-element_type=\"container\" data-e-type=\"container\" data-settings=\"{&quot;background_background&quot;:&quot;classic&quot;,&quot;background_motion_fx_motion_fx_scrolling&quot;:&quot;yes&quot;,&quot;background_motion_fx_scale_effect&quot;:&quot;yes&quot;,&quot;background_motion_fx_scale_speed&quot;:{&quot;unit&quot;:&quot;px&quot;,&quot;size&quot;:&quot;2&quot;,&quot;sizes&quot;:[]},&quot;background_motion_fx_devices&quot;:[&quot;desktop&quot;],&quot;background_motion_fx_scale_direction&quot;:&quot;out-in&quot;,&quot;background_motion_fx_scale_range&quot;:{&quot;unit&quot;:&quot;%&quot;,&quot;size&quot;:&quot;&quot;,&quot;sizes&quot;:{&quot;start&quot;:20,&quot;end&quot;:80}}}\">\n\t\t\t\t<\/div>\n\t\t\t\t<\/div>\n\t\t<div class=\"elementor-element elementor-element-3626af7 e-flex e-con-boxed e-con e-parent\" data-id=\"3626af7\" data-element_type=\"container\" data-e-type=\"container\" data-settings=\"{&quot;background_background&quot;:&quot;classic&quot;}\">\n\t\t\t\t\t<div class=\"e-con-inner\">\n\t\t<div class=\"elementor-element elementor-element-5ac08a2 e-con-full e-flex e-con e-child\" data-id=\"5ac08a2\" data-element_type=\"container\" data-e-type=\"container\">\n\t\t<div class=\"elementor-element elementor-element-2e5ad65 e-flex e-con-boxed e-con e-child\" data-id=\"2e5ad65\" data-element_type=\"container\" data-e-type=\"container\">\n\t\t\t\t\t<div class=\"e-con-inner\">\n\t\t\t\t<div class=\"elementor-element elementor-element-a1b6979 elementor-invisible elementor-widget elementor-widget-image\" data-id=\"a1b6979\" data-element_type=\"widget\" data-e-type=\"widget\" data-settings=\"{&quot;motion_fx_motion_fx_scrolling&quot;:&quot;yes&quot;,&quot;motion_fx_translateY_effect&quot;:&quot;yes&quot;,&quot;motion_fx_translateY_speed&quot;:{&quot;unit&quot;:&quot;px&quot;,&quot;size&quot;:&quot;2&quot;,&quot;sizes&quot;:[]},&quot;motion_fx_devices&quot;:[&quot;desktop&quot;],&quot;_animation&quot;:&quot;fadeIn&quot;,&quot;motion_fx_translateY_affectedRange&quot;:{&quot;unit&quot;:&quot;%&quot;,&quot;size&quot;:&quot;&quot;,&quot;sizes&quot;:{&quot;start&quot;:0,&quot;end&quot;:100}}}\" data-widget_type=\"image.default\">\n\t\t\t\t\t\t\t\t\t\t\t\t\t\t\t<img decoding=\"async\" width=\"302\" height=\"450\" src=\"https:\/\/agenciawebguadalajara.com\/marrakesh\/wp-content\/uploads\/2026\/04\/Nosotros-1.1.jpg\" class=\"attachment-large size-large wp-image-4312\" alt=\"\" srcset=\"https:\/\/agenciawebguadalajara.com\/marrakesh\/wp-content\/uploads\/2026\/04\/Nosotros-1.1.jpg 302w, https:\/\/agenciawebguadalajara.com\/marrakesh\/wp-content\/uploads\/2026\/04\/Nosotros-1.1-201x300.jpg 201w\" sizes=\"(max-width: 302px) 100vw, 302px\" \/>\t\t\t\t\t\t\t\t\t\t\t\t\t\t\t<\/div>\n\t\t\t\t\t<\/div>\n\t\t\t\t<\/div>\n\t\t<div class=\"elementor-element elementor-element-9b25cda e-flex e-con-boxed e-con e-child\" data-id=\"9b25cda\" data-element_type=\"container\" data-e-type=\"container\">\n\t\t\t\t\t<div class=\"e-con-inner\">\n\t\t\t\t<div class=\"elementor-element elementor-element-2a32299 elementor-invisible elementor-widget elementor-widget-image\" data-id=\"2a32299\" data-element_type=\"widget\" data-e-type=\"widget\" data-settings=\"{&quot;motion_fx_motion_fx_scrolling&quot;:&quot;yes&quot;,&quot;motion_fx_translateY_effect&quot;:&quot;yes&quot;,&quot;motion_fx_translateY_direction&quot;:&quot;negative&quot;,&quot;motion_fx_translateY_speed&quot;:{&quot;unit&quot;:&quot;px&quot;,&quot;size&quot;:&quot;2&quot;,&quot;sizes&quot;:[]},&quot;motion_fx_devices&quot;:[&quot;desktop&quot;],&quot;_animation&quot;:&quot;fadeIn&quot;,&quot;motion_fx_translateY_affectedRange&quot;:{&quot;unit&quot;:&quot;%&quot;,&quot;size&quot;:&quot;&quot;,&quot;sizes&quot;:{&quot;start&quot;:0,&quot;end&quot;:100}}}\" data-widget_type=\"image.default\">\n\t\t\t\t\t\t\t\t\t\t\t\t\t\t\t<img loading=\"lazy\" decoding=\"async\" width=\"302\" height=\"500\" src=\"https:\/\/agenciawebguadalajara.com\/marrakesh\/wp-content\/uploads\/2026\/04\/Nosotros-2.jpg\" class=\"attachment-large size-large wp-image-4317\" alt=\"\" srcset=\"https:\/\/agenciawebguadalajara.com\/marrakesh\/wp-content\/uploads\/2026\/04\/Nosotros-2.jpg 302w, https:\/\/agenciawebguadalajara.com\/marrakesh\/wp-content\/uploads\/2026\/04\/Nosotros-2-181x300.jpg 181w\" sizes=\"(max-width: 302px) 100vw, 302px\" \/>\t\t\t\t\t\t\t\t\t\t\t\t\t\t\t<\/div>\n\t\t\t\t\t<\/div>\n\t\t\t\t<\/div>\n\t\t\t\t<\/div>\n\t\t<div class=\"elementor-element elementor-element-61118f8 e-con-full e-flex elementor-invisible e-con e-child\" data-id=\"61118f8\" data-element_type=\"container\" data-e-type=\"container\" data-settings=\"{&quot;animation&quot;:&quot;fadeIn&quot;}\">\n\t\t\t\t<div class=\"elementor-element elementor-element-d702814 elementor-widget elementor-widget-heading\" data-id=\"d702814\" data-element_type=\"widget\" data-e-type=\"widget\" data-widget_type=\"heading.default\">\n\t\t\t\t\t<h5 class=\"elementor-heading-title elementor-size-default\">Hotel Boutique Marrakesh <\/h5>\t\t\t\t<\/div>\n\t\t\t\t<div class=\"elementor-element elementor-element-2bb16d7 elementor-widget elementor-widget-heading\" data-id=\"2bb16d7\" data-element_type=\"widget\" data-e-type=\"widget\" data-widget_type=\"heading.default\">\n\t\t\t\t\t<h2 class=\"elementor-heading-title elementor-size-default\">Nuestra Historia<\/h2>\t\t\t\t<\/div>\n\t\t\t\t<div class=\"elementor-element elementor-element-3957792 elementor-widget elementor-widget-heading\" data-id=\"3957792\" data-element_type=\"widget\" data-e-type=\"widget\" data-widget_type=\"heading.default\">\n\t\t\t\t\t<p class=\"elementor-heading-title elementor-size-default\">Hotel Boutique Marrakesh nace del deseo de crear un espacio donde el descanso no sea solo una pausa, sino una experiencia integral de renovaci\u00f3n.<\/p>\t\t\t\t<\/div>\n\t\t\t\t<div class=\"elementor-element elementor-element-5e1cef3 elementor-widget elementor-widget-heading\" data-id=\"5e1cef3\" data-element_type=\"widget\" data-e-type=\"widget\" data-widget_type=\"heading.default\">\n\t\t\t\t\t<p class=\"elementor-heading-title elementor-size-default\">Inspirado en la calidez de la hospitalidad y en la belleza de los peque\u00f1os detalles, este proyecto surge con una visi\u00f3n clara: ofrecer un refugio \u00edntimo donde cada hu\u00e9sped se sienta especial.<\/p>\t\t\t\t<\/div>\n\t\t\t\t<div class=\"elementor-element elementor-element-9d14e71 elementor-widget elementor-widget-heading\" data-id=\"9d14e71\" data-element_type=\"widget\" data-e-type=\"widget\" data-widget_type=\"heading.default\">\n\t\t\t\t\t<p class=\"elementor-heading-title elementor-size-default\">Desde sus inicios, Marrakesh fue concebido como un lugar donde la naturaleza, la tranquilidad y el servicio personalizado se combinan para crear momentos memorables. Cada habitaci\u00f3n, cada vista y cada experiencia gastron\u00f3mica han sido pensadas para despertar los sentidos y brindar bienestar.<\/p>\t\t\t\t<\/div>\n\t\t\t\t<div class=\"elementor-element elementor-element-1faf765 elementor-widget elementor-widget-heading\" data-id=\"1faf765\" data-element_type=\"widget\" data-e-type=\"widget\" data-widget_type=\"heading.default\">\n\t\t\t\t\t<p class=\"elementor-heading-title elementor-size-default\">M\u00e1s que un hotel, somos un espacio de conexi\u00f3n: con uno mismo, con quienes nos acompa\u00f1an y con el entorno. Creemos en la amabilidad como esencia, en la responsabilidad como compromiso y en la renovaci\u00f3n como una experiencia constante.<\/p>\t\t\t\t<\/div>\n\t\t<div class=\"elementor-element elementor-element-be0fab2 e-flex e-con-boxed e-con e-child\" data-id=\"be0fab2\" data-element_type=\"container\" data-e-type=\"container\">\n\t\t\t\t\t<div class=\"e-con-inner\">\n\t\t\t\t<div class=\"elementor-element elementor-element-1e23157 elementor-mobile-align-center elementor-widget elementor-widget-button\" data-id=\"1e23157\" data-element_type=\"widget\" data-e-type=\"widget\" data-widget_type=\"button.default\">\n\t\t\t\t\t\t\t\t\t\t<a class=\"elementor-button elementor-button-link elementor-size-sm elementor-animation-shrink\" href=\"https:\/\/wa.link\/31udpb\" target=\"_blank\">\n\t\t\t\t\t\t<span class=\"elementor-button-content-wrapper\">\n\t\t\t\t\t\t\t\t\t<span class=\"elementor-button-text\">Reserva ahora<\/span>\n\t\t\t\t\t<\/span>\n\t\t\t\t\t<\/a>\n\t\t\t\t\t\t\t\t<\/div>\n\t\t\t\t\t<\/div>\n\t\t\t\t<\/div>\n\t\t\t\t<\/div>\n\t\t\t\t\t<\/div>\n\t\t\t\t<\/div>\n\t\t<div class=\"elementor-element elementor-element-409f245b e-flex e-con-boxed e-con e-parent\" data-id=\"409f245b\" data-element_type=\"container\" data-e-type=\"container\" data-settings=\"{&quot;background_background&quot;:&quot;classic&quot;}\">\n\t\t\t\t\t<div class=\"e-con-inner\">\n\t\t<div class=\"elementor-element elementor-element-2c21ea67 e-con-full e-flex elementor-invisible e-con e-child\" data-id=\"2c21ea67\" data-element_type=\"container\" data-e-type=\"container\" data-settings=\"{&quot;animation&quot;:&quot;fadeInUp&quot;}\">\n\t\t\t\t<div class=\"elementor-element elementor-element-325493ee elementor-widget elementor-widget-heading\" data-id=\"325493ee\" data-element_type=\"widget\" data-e-type=\"widget\" data-widget_type=\"heading.default\">\n\t\t\t\t\t<h5 class=\"elementor-heading-title elementor-size-default\">Hotel Boutique Marrakesh <\/h5>\t\t\t\t<\/div>\n\t\t\t\t<div class=\"elementor-element elementor-element-b03abf3 elementor-widget elementor-widget-heading\" data-id=\"b03abf3\" data-element_type=\"widget\" data-e-type=\"widget\" data-widget_type=\"heading.default\">\n\t\t\t\t\t<h2 class=\"elementor-heading-title elementor-size-default\">Dise\u00f1ado para brindar una experiencia de descanso, confort y bienestar.<\/h2>\t\t\t\t<\/div>\n\t\t\t\t<\/div>\n\t\t\t\t\t<\/div>\n\t\t\t\t<\/div>\n\t\t\t\t<\/div>\n\t\t","protected":false},"excerpt":{"rendered":"<p>Qui\u00e9nes somos NUESTRA HISTORIA Hotel Boutique Marrakesh Ubicado en Villa Corona Jalisco Hotel Boutique Marrakesh es un exclusivo espacio dise\u00f1ado para brindar una experiencia de descanso, confort y bienestar. Cuenta con 12 acogedoras habitaciones y una relajante alberca de agua termal, ideal para desconectarse y disfrutar del entorno. Dentro de sus instalaciones, ofrece servicio de [&hellip;]<\/p>\n","protected":false},"author":1,"featured_media":0,"parent":0,"menu_order":0,"comment_status":"closed","ping_status":"closed","template":"elementor_header_footer","meta":{"_joinchat":[],"footnotes":""},"class_list":["post-4273","page","type-page","status-publish","hentry"],"_links":{"self":[{"href":"https:\/\/agenciawebguadalajara.com\/marrakesh\/wp-json\/wp\/v2\/pages\/4273","targetHints":{"allow":["GET"]}}],"collection":[{"href":"https:\/\/agenciawebguadalajara.com\/marrakesh\/wp-json\/wp\/v2\/pages"}],"about":[{"href":"https:\/\/agenciawebguadalajara.com\/marrakesh\/wp-json\/wp\/v2\/types\/page"}],"author":[{"embeddable":true,"href":"https:\/\/agenciawebguadalajara.com\/marrakesh\/wp-json\/wp\/v2\/users\/1"}],"replies":[{"embeddable":true,"href":"https:\/\/agenciawebguadalajara.com\/marrakesh\/wp-json\/wp\/v2\/comments?post=4273"}],"version-history":[{"count":67,"href":"https:\/\/agenciawebguadalajara.com\/marrakesh\/wp-json\/wp\/v2\/pages\/4273\/revisions"}],"predecessor-version":[{"id":4881,"href":"https:\/\/agenciawebguadalajara.com\/marrakesh\/wp-json\/wp\/v2\/pages\/4273\/revisions\/4881"}],"wp:attachment":[{"href":"https:\/\/agenciawebguadalajara.com\/marrakesh\/wp-json\/wp\/v2\/media?parent=4273"}],"curies":[{"name":"wp","href":"https:\/\/api.w.org\/{rel}","templated":true}]}}